{"id":510,"date":"2020-06-15T13:00:40","date_gmt":"2020-06-15T11:00:40","guid":{"rendered":"https:\/\/dracoena.hotel-webdesign.fr\/?page_id=510"},"modified":"2024-10-22T13:08:38","modified_gmt":"2024-10-22T11:08:38","slug":"blog","status":"publish","type":"page","link":"https:\/\/www.villadracoena.com\/en\/blog\/","title":{"rendered":"Blog"},"content":{"rendered":"<p>[et_pb_section fb_built=\"1\u2033 bg_img_2=\"https:\/\/www.villadracoena.com\/wp-content\/uploads\/2020\/05\/resort-02.jpg \" use_background_color_gradient_2=\"off \" background_color_gradient_direction_2=\"105deg \" background_color_gradient_stops_2=\"rgba(255,255,255,0.65) 0%|rgba(255,255,255,0) 76% \" background_color_gradient_start_2=\"rgba(255,255,255,0.65) \" background_color_gradient_end_2=\"rgba(255,255,255,0) \" background_color_gradient_start_position_2=\"0% \" background_color_gradient_end_position_2=\"76% \" background_color_gradient_overlays_image_2=\"on \" admin_label=\"Header\" _builder_version=\"4.16\u2033 background_color=\"rgba(255,255,255,0.81) \" background_image=\"https:\/\/www.villadracoena.com\/wp-content\/uploads\/2020\/05\/West-terrace.jpg \" background_position=\"center_left \" background_blend=\"overlay \" custom_padding=\"11vw|0px|0|0px|false|false \" locked=\"off \" global_colors_info=\"{} \"][et_pb_row _builder_version=\"4.16\u2033 background_enable_color=\"off \" max_width=\"1160px \" custom_padding=\"|40px||40px||true \" use_custom_width=\"on \" custom_width_px=\"1160px \" global_colors_info=\"{} \"][et_pb_column type=\"4_4\u2033 _builder_version=\"4.16\u2033 custom_padding=\"||| \" global_colors_info=\"{} \" custom_padding__hover=\"||| \"][et_pb_text _builder_version=\"4.16\u2033 text_font=\"Open Sans|||||||| \" text_line_height=\"2em \" header_font=\"Gilda Display|||||||| \" header_text_color=\"#000000\u2033 header_font_size=\"6vw \" header_letter_spacing=\"1px \" header_line_height=\"1.3em \" header_2_font=\"|700||on||||| \" header_2_font_size=\"16px \" header_2_letter_spacing=\"6px \" header_2_line_height=\"2em \" header_3_font=\"|||||||| \" max_width=\"700px \" custom_margin_tablet=\"0vw||20px \" header_font_size_tablet=\"10vw \" header_font_size_phone= \" \" header_font_size_last_edited=\"on|phone \" header_2_font_size_tablet= \" \" header_2_font_size_phone=\"12px \" header_2_font_size_last_edited=\"on|phone \" text_text_shadow_style=\"preset5\u2033 text_text_shadow_horizontal_length=\"0.21em \" text_text_shadow_color=\"#0f87ff \" header_text_shadow_style=\"preset5\u2033 header_text_shadow_horizontal_length=\"0em \" header_text_shadow_vertical_length= \"0em \" header_text_shadow_color=\"#0f87ff \" locked=\"off \" global_colors_info=\"{} \" header_3_font_size__hover=\"22px \" header_3_font_size__hover_enabled= \"22px \" header_3_letter_spacing__hover=\"0px \" header_3_letter_spacing__hover_enabled=\"0px \" header_3_line_height__hover=\"1em \" header_3_line_height__hover_enabled= \"1em \" header_3_text_shadow_style__hover=\"none \" header_3_text_shadow_style__hover_enabled=\"none \" header_3_text_shadow_color__hover=\"rgba(0,0,0,0.4) \" header_3_text_shadow_color__hover_enabled=\"rgba(0,0,0,0.4) \"]<\/p>\n<h1>\u00a0Blog<\/h1>\n<p>[\/et_pb_text][\/et_pb_column][\/et_pb_row][\/et_pb_section][et_pb_section fb_built=\"1\u2033 _builder_version=\"4.16\u2033 custom_padding=\"26px||||| \" global_colors_info=\"{} \"][et_pb_row _builder_version=\"4.16\u2033 global_colors_info=\"{} \"][et_pb_column type=\"4_4\u2033 _builder_version=\"4.16\u2033 global_colors_info=\"{} \"][et_pb_text _builder_version=\"4.16\u2033 header_font_size=\"43px \" global_colors_info=\"{} \"]<\/p>\n<h1>Currently in Nice and the surrounding area<\/h1>\n<p>[\/et_pb_text][et_pb_blog fullwidth=\"off \" posts_number=\"99\u2033 include_categories=\"all \" show_content=\"on \" show_author=\"off \" show_pagination=\"off \" _builder_version=\"4.16\u2033 read_more_font_size=\"21px \" global_colors_info=\"{} \"][\/et_pb_blog][\/et_pb_column][\/et_pb_row][\/et_pb_section][et_pb_section fb_built=\"1\u2033 specialty=\"on \" custom_padding_last_edited=\"on|desktop \" use_background_color_gradient_2=\"off \" background_color_gradient_direction_2=\"105deg \" background_color_gradient_stops_2=\"rgba(255,255,255,0.65) 0%|rgba(255,255,255,0) 76% \" background_color_gradient_start_2=\"rgba(255,255,255,0.65) \" background_color_gradient_end_2=\"rgba(255,255,255,0) \" background_color_gradient_start_position_2=\"0% \" background_color_gradient_end_position_2=\"76% \" background_color_gradient_overlays_image_2=\"on \" padding_top_2=\"0px \" padding_bottom_1=\"60px \" admin_label=\"Footer\" module_class=\"et_pb_specialty_fullwidth\" _builder_version=\"4.16\u2033 inner_width=\"89% \" inner_width_tablet=\"80% \" inner_width_phone=\" \" inner_width_last_edited=\"on|desktop \" inner_max_width=\"89% \" inner_max_width_tablet= \"80% \" inner_max_width_phone= \" \" inner_max_width_last_edited= \"on|desktop \" custom_margin=\"11px||||| \" custom_margin_tablet= \" \" custom_margin_phone= \" \" custom_margin_last_edited=\"on|tablet \" custom_padding=\"0||0px||false|false \" custom_padding_tablet=\"80px|0px||0px|||true \" custom_padding_phone= \"80px|0px||0px|false|false \" make_fullwidth=\"on \" locked=\"off \" global_colors_info=\"{} \"][et_pb_column type=\"1_2\u2033 specialty_columns=\"2\u2033 _builder_version=\"4.16\u2033 custom_padding=\"||| \" global_colors_info=\"{} \" custom_padding__hover=\"||| \"][et_pb_row_inner _builder_version=\"4.16\u2033 custom_padding=\"0|0px|9.4px|0px|false|false \" locked=\"off \" global_colors_info=\"{} \"][et_pb_column_inner saved_specialty_column_type=\"2_3\u2033 _builder_version=\"4.16\u2033 custom_padding=\"||| \" global_colors_info=\"{} \" custom_padding__hover=\"||| \"][et_pb_text _builder_version=\"4.16\u2033 text_font=\"|||||||| \" header_2_font=\"Gilda Display|||||||| \" header_2_font_size=\"60px \" header_2_line_height=\"1.3em \" header_3_font=\"|||||||| \" header_6_font=\"|700||on||||| \" header_6_font_size=\"16px \" header_6_letter_spacing=\"6px \" header_6_line_height=\"1.6em \" custom_padding=\"11px||||| \" header_2_font_size_tablet=\"40px \" header_2_font_size_phone=\"30px \" header_2_font_size_last_edited=\"on|phone \" locked=\"off \" global_colors_info=\"{} \" header_3_font_size__hover=\"22px \" header_3_font_size__hover_enabled=\"22px \" header_3_letter_spacing__hover=\"0px \" header_3_letter_spacing__hover_enabled=\"0px \" header_3_line_height__hover=\"1em \" header_3_line_height__hover_enabled= \"1em \" header_3_text_shadow_style__hover=\"none \" header_3_text_shadow_style__hover_enabled=\"none \" header_3_text_shadow_color__hover=\"rgba(0,0,0,0.4) \" header_3_text_shadow_color__hover_enabled=\"rgba(0,0,0,0.4) \" header_font_size__hover=\"30px \" header_font_size__hover_enabled=\"30px \" header_letter_spacing__hover=\"0px \" header_letter_spacing__hover_enabled=\"0px \" header_text_shadow_style__hover=\"none \" header_text_shadow_style__hover_enabled=\"none \" header_text_shadow_color__hover=\"rgba(0,0,0,0.4) \" header_text_shadow_color__hover_enabled=\"rgba(0,0,0,0.4) \"]<\/p>\n<h6>How to get here<\/h6>\n<h2 class=\"plazafont\">Contact &amp; access<\/h2>\n<p>[\/et_pb_text][\/et_pb_column_inner][\/et_pb_row_inner][et_pb_row_inner column_structure=\"1_2,1_2\u2033 _builder_version=\"4.16\u2033 custom_padding=\"0|0px|0|0px|false|false \" global_colors_info=\"{} \"][et_pb_column_inner type=\"1_2\u2033 saved_specialty_column_type=\"1_2\u2033 _builder_version=\"4.16\u2033 custom_padding=\"||| \" global_colors_info=\"{} \" custom_padding__hover=\"||| \"][et_pb_blurb title= \"La Villa Dracoena \" use_icon=\"on \" font_icon=\"\ue081||divi|400\u2033 icon_placement=\"left \" image_icon_width=\"24px \" _builder_version=\"4.16\u2033 header_font=\"|600||on||||| \" header_font_size=\"14px \" header_letter_spacing=\"1px \" header_line_height=\"1.3em \" body_font=\"|||||||| \" body_text_color=\"rgba(0,0,0,0.8) \" link_option_url=\"# \" icon_font_size=\"24px \" global_colors_info=\"{} \" icon_color__hover_enabled=\"on \" icon_color__hover=\"#ff5900\u2033]22 Route Foresti\u00e8re du Mont-Boron, 06300 Nice, France[\/et_pb_blurb][\/et_pb_column_inner][et_pb_column_inner type=\"1_2\u2033 saved_specialty_column_type=\"1_2\u2033 _builder_version=\"4.16\u2033 custom_padding=\"||| \" global_colors_info=\"{} \" custom_padding__hover=\"||| \"][et_pb_blurb title= \"Coordinates \" use_icon=\"on \" font_icon=\"\ue066||divi||400\u2033 icon_placement=\"left \" image_icon_width=\"24px \" _builder_version=\"4.16\u2033 header_font=\"|600||on||||| \" header_font_size=\"14px \" header_letter_spacing=\"1px \" header_line_height=\"1.3em \" body_font=\"|||||||| \" body_text_color=\"rgba(0,0,0,0.8) \" link_option_url=\"# \" icon_font_size=\"24px \" locked=\"off \" global_colors_info=\"{} \" icon_color__hover=\"#ff5900\u2033 icon_color__hover_enabled=\"on \"]<\/p>\n<p>contact@villadracoena.com<br \/>06 09 16 57 35<\/p>\n<p>[\/et_pb_blurb][\/et_pb_column_inner][\/et_pb_row_inner][et_pb_row_inner column_structure=\"1_2,1_2\u2033 _builder_version=\"4.16\u2033 custom_padding=\"||5px||| \" global_colors_info=\"{} \"][et_pb_column_inner type=\"1_2\u2033 saved_specialty_column_type=\"1_2\u2033 _builder_version=\"4.16\u2033 global_colors_info=\"{} \"][et_pb_blurb title=\"dEPUIs l'aeroport \" use_icon=\"on \" font_icon=\"\ue01c||divi|400|\u2033 icon_placement=\"left \" image_icon_width=\"24px \" _builder_version=\"4.16\u2033 header_font=\"|600||on||||| \" header_font_size=\"14px \" header_letter_spacing=\"1px \" header_line_height=\"1.3em \" body_font=\"|||||||| \" body_text_color=\"rgba(0,0,0,0.8) \" link_option_url=\"# \" icon_font_size=\"24px \" global_colors_info=\"{} \" icon_color__hover_enabled=\"on \" icon_color__hover=\"#ff5900\u2033]<\/p>\n<p style=\"text-align: left;\">From the airport by car, take the Promenade des Anglais to the port at the eastern end of Nice. The villa is 1.5 km from the port of Nice on the way to Beaulieu and Villefranche-sur-Mer. A secure garage and plenty of free parking are available on site.<\/p>\n<p>[\/et_pb_blurb][et_pb_blurb title=\"Transports \" use_icon=\"on \" font_icon=\"\ue0fd||divi||400\u2033 icon_placement=\"left \" image_icon_width=\"24px \" _builder_version=\"4.16\u2033 header_font=\"|600||on||||| \" header_font_size=\"14px \" header_letter_spacing=\"1px \" header_line_height=\"1.3em \" body_font=\"|||||||| \" body_text_color=\"rgba(0,0,0,0.8) \" custom_margin=\"-20px||||| \" link_option_url=\"# \" icon_font_size=\"24px \" global_colors_info=\"{} \" icon_color__hover_enabled=\"on \" icon_color__hover=\"#ff5900\u2033]<\/p>\n<p>Visit<a href=\"https:\/\/www.lignesdazur.com\/\" target=\"_blank\" rel=\"noopener noreferrer\"><u> bus stops<\/u><\/a> which serve many destinations in Nice and the C\u00f4te d'Azur, are just 100 meters from the villa.<\/p>\n<p>[\/et_pb_blurb][\/et_pb_column_inner][et_pb_column_inner type=\"1_2\u2033 saved_specialty_column_type=\"1_2\u2033 _builder_version=\"4.16\u2033 global_colors_info=\"{} \"][et_pb_blurb title= \"Without car \" use_icon=\"on \" font_icon=\"\ue08a||divi||400\u2033 icon_placement=\"left \" image_icon_width=\"24px \" _builder_version=\"4.16\u2033 header_font=\"|600||on||||| \" header_font_size=\"14px \" header_letter_spacing=\"1px \" header_line_height=\"1.3em \" body_font=\"|||||||| \" body_text_color=\"rgba(0,0,0,0.8) \" link_option_url=\"# \" icon_font_size=\"24px \" global_colors_info=\"{} \" icon_color__hover_enabled=\"on \" icon_color__hover=\"#ff5900\u2033]<\/p>\n<p>Without a car, the <a href=\"http:\/\/tramway.nice.fr\/\" target=\"_blank\" rel=\"noopener noreferrer\"><u>tramway<\/u><\/a> from the airport arrival terminal takes you directly to the port of Nice in 25 minutes. Then take bus number 100 from the port of Nice to the villa in 10 minutes (Maeterlinck stop).<\/p>\n<p>[\/et_pb_blurb][et_pb_blurb title=\"Practical info \" use_icon=\"on \" font_icon=\"\ue0fd||divi||400\u2033 icon_placement=\"left \" image_icon_width=\"24px \" _builder_version=\"4.16\u2033 header_font=\"|600|||on||||| \" header_font_size=\"14px \" header_letter_spacing=\"1px \" header_line_height=\"1.3em \" body_font=\"|||||||| \" body_text_color=\"rgba(0,0,0,0.8) \" custom_margin=\"-3px||||| \" link_option_url=\"# \" icon_font_size=\"24px \" global_colors_info=\"{} \" icon_color__hover_enabled=\"on \" icon_color__hover=\"#ff5900\u2033]<\/p>\n<p>Visit<a href=\"https:\/\/goo.gl\/maps\/b33WtE1Rx78iXwP46\" target=\"_blank\" rel=\"noopener noreferrer\"><u> shops and services<\/u><\/a> A Carrefour store, a pharmacy and a doctor are just a five-minute walk from the villa.<\/p>\n<p>[\/et_pb_blurb][\/et_pb_column_inner][\/et_pb_row_inner][et_pb_row_inner column_structure=\"1_2,1_2\u2033 _builder_version=\"4.16\u2033 custom_padding=\"15px||10px||| \" global_colors_info=\"{} \"][et_pb_column_inner type=\"1_2\u2033 saved_specialty_column_type=\"1_2\u2033 _builder_version=\"4.16\u2033 custom_padding=\"||| \" global_colors_info=\"{} \" custom_padding__hover=\"||| \"][et_pb_social_media_follow _builder_version=\"4.16\u2033 border_radii=\"on|0px|0px|0px|0px \" global_colors_info=\"{} \"][et_pb_social_media_follow_network social_network=\"facebook \" _builder_version=\"4.16\u2033 background_color=\"#3b5998\u2033 custom_margin=\"|8px||||false \" custom_padding=\"6px|6px|6px|6px|true|true \" global_colors_info=\"{} \" follow_button= \"off \" url_new_window=\"on \"]facebook[\/et_pb_social_media_follow_network][et_pb_social_media_follow_network social_network=\"twitter \" _builder_version=\"4.22.2\u2033 background_color=\"#000000\u2033 custom_margin=\"|8px||||false \" custom_padding=\"6px|6px|6px|6px|true|true \" global_colors_info=\"{} \" follow_button= \"off \" url_new_window=\"on \"]twitter[\/et_pb_social_media_follow_network][et_pb_social_media_follow_network social_network=\"instagram \" _builder_version=\"4.16\u2033 background_color=\"#ea2c59\u2033 custom_margin=\"|8px||||false \" custom_padding=\"6px|6px|6px|6px|true|true \" global_colors_info=\"{} \" follow_button=\"off \" url_new_window=\"on \"]instagram[\/et_pb_social_media_follow_network][\/et_pb_social_media_follow][\/et_pb_column_inner][et_pb_column_inner type=\"1_2\u2033 saved_specialty_column_type=\"1_2\u2033 _builder_version=\"4.16\u2033 custom_padding=\"||| \" global_colors_info=\"{} \" custom_padding__hover=\"||| \"][et_pb_button button_url=\"mailto:contact@villadracoena.com \" button_text=\"Write to us\" button_alignment=\"left \" _builder_version=\"4.16\u2033 custom_button=\"on \" button_text_size=\"16px \" button_text_color=\"#ffffff \" button_bg_color=\"#0f87ff \" button_bg_color_gradient_direction=\"190deg \" button_bg_color_gradient_stops=\"rgba(255,255,255,0) 0%|rgba(255,255,255,0.28) 100% \" button_bg_color_gradient_start=\"rgba(255,255,255,0) \" button_bg_color_gradient_end=\"rgba(255,255,255,0.28) \" button_border_width=\"0px \" button_border_radius=\"0px \" button_font=\"Open Sans|600||||||| \" button_use_icon=\"off \" custom_margin=\"|||43px||false \" custom_padding=\"11px|40px|11px|40px|true|true \" locked=\"off \" global_colors_info= \"{} \" button_bg_color__hover_enabled=\"on \" button_bg_color__hover=\"#ffb238\u2033 button_text_color__hover=\"#0f87ff \"][\/et_pb_button][\/et_pb_column_inner][\/et_pb_row_inner][\/et_pb_column][et_pb_column type=\"1_2\u2033 _builder_version=\"4.16\u2033 custom_padding=\"||| \" global_colors_info=\"{} \" custom_padding__hover=\"||| \"][et_pb_text _builder_version=\"4.16\u2033 text_font=\"Open Sans|700||on||||| \" text_text_color=\"#ffffff \" text_letter_spacing=\"6px \" text_line_height=\"1.6em \" background_color=\"#0f87ff \" text_orientation=\"center \" custom_margin=\"-40px||0px \" custom_padding= \"24px|40px|24px|40px|true|true \" custom_padding_tablet= \"40px||40px||true \" custom_padding_phone= \" \" custom_padding_last_edited= \"on|tablet \" link_option_url=\"# \" box_shadow_style=\"preset3\u2033 box_shadow_horizontal=\"15px \" box_shadow_vertical=\"46px \" box_shadow_blur=\"64px \" box_shadow_spread=\"-20px \" box_shadow_color= \"rgba(1,4,66,0.44) \" locked=\"off \" global_colors_info=\"{} \" text_text_color__hover=\"#ffffff \" background_color__hover=\"#3d9eff \" background__hover_enabled=\"on \"]<\/p>\n<p>Join us<\/p>\n<p>[\/et_pb_text][et_pb_code _builder_version=\"4.16\u2033 global_colors_info=\"{} \"]<iframe loading=\"lazy\" src=\"https:\/\/www.google.com\/maps\/embed?pb=!1m18!1m12!1m3!1d2885.03362406121!2d7.2955888515085165!3d43.68906435802563!2m3!1f0!2f0!3f0!3m2!1i1024!2i768!4f13.1!3m3!1m2!1s0x12cddae629908d53%3A0x1ccabee27fb93445!2sVilla%20Dracoena!5e0!3m2!1sfr!2sde!4v1590570487830!5m2!1sfr!2sde\" width=\"1600\" height=\"650\" frameborder=\"0\" style=\"border:0;\" allowfullscreen=\"\" aria-hidden=\"false\" tabindex=\"0\"><\/iframe>[\/et_pb_code][\/et_pb_column][\/et_pb_section]<\/p>","protected":false},"excerpt":{"rendered":"<p>\u00a0BlogCurrently in Nice and surrounding areaTo come Contact &amp; access22 Route Foresti\u00e8re du Mont-Boron, 06300 Nice, Francecontact@villadracoena.com06 09 16 57 35From the airport by car, take the Promenade des Anglais to the Port at the eastern end of Nice. The villa is 1.5 km from the port of Nice [...].<\/p>","protected":false},"author":1,"featured_media":2032,"parent":0,"menu_order":0,"comment_status":"closed","ping_status":"closed","template":"","meta":{"_et_pb_use_builder":"on","_et_pb_old_content":"","_et_gb_content_width":"","footnotes":""},"class_list":["post-510","page","type-page","status-publish","has-post-thumbnail","hentry"],"yoast_head":"<!-- This site is optimized with the Yoast SEO plugin v27.5 - https:\/\/yoast.com\/product\/yoast-seo-wordpress\/ -->\n<title>Blog | Villa Dracoena | H\u00e9bergement de luxe \u00e0 Nice<\/title>\n<meta name=\"description\" content=\"Actualit\u00e9 et blog \u00e0 Nice c\u00f4te d&#039;Azur, H\u00e9bergement hotel de luxe \u00e0 Nice. La villa dracoena location saisonni\u00e8re style belle \u00e9poque\" \/>\n<meta name=\"robots\" content=\"index, follow, max-snippet:-1, max-image-preview:large, max-video-preview:-1\" \/>\n<link rel=\"canonical\" href=\"https:\/\/www.villadracoena.com\/en\/blog\/\" \/>\n<meta property=\"og:locale\" content=\"en_US\" \/>\n<meta property=\"og:type\" content=\"article\" \/>\n<meta property=\"og:title\" content=\"Blog | Villa Dracoena | H\u00e9bergement de luxe \u00e0 Nice\" \/>\n<meta property=\"og:description\" content=\"Actualit\u00e9 et blog \u00e0 Nice c\u00f4te d&#039;Azur, H\u00e9bergement hotel de luxe \u00e0 Nice. La villa dracoena location saisonni\u00e8re style belle \u00e9poque\" \/>\n<meta property=\"og:url\" content=\"https:\/\/www.villadracoena.com\/en\/blog\/\" \/>\n<meta property=\"og:site_name\" content=\"Villa Dracoena | H\u00e9bergement de luxe \u00e0 Nice\" \/>\n<meta property=\"article:modified_time\" content=\"2024-10-22T11:08:38+00:00\" \/>\n<meta property=\"og:image\" content=\"https:\/\/www.villadracoena.com\/wp-content\/uploads\/2022\/08\/baie-des-anges-1-scaled.jpg\" \/>\n\t<meta property=\"og:image:width\" content=\"2560\" \/>\n\t<meta property=\"og:image:height\" content=\"1440\" \/>\n\t<meta property=\"og:image:type\" content=\"image\/jpeg\" \/>\n<meta name=\"twitter:card\" content=\"summary_large_image\" \/>\n<meta name=\"twitter:label1\" content=\"Est. reading time\" \/>\n\t<meta name=\"twitter:data1\" content=\"30 minutes\" \/>\n<script type=\"application\/ld+json\" class=\"yoast-schema-graph\">{\"@context\":\"https:\\\/\\\/schema.org\",\"@graph\":[{\"@type\":\"WebPage\",\"@id\":\"https:\\\/\\\/www.villadracoena.com\\\/blog\\\/\",\"url\":\"https:\\\/\\\/www.villadracoena.com\\\/blog\\\/\",\"name\":\"Blog | Villa Dracoena | H\u00e9bergement de luxe \u00e0 Nice\",\"isPartOf\":{\"@id\":\"https:\\\/\\\/www.villadracoena.com\\\/#website\"},\"primaryImageOfPage\":{\"@id\":\"https:\\\/\\\/www.villadracoena.com\\\/blog\\\/#primaryimage\"},\"image\":{\"@id\":\"https:\\\/\\\/www.villadracoena.com\\\/blog\\\/#primaryimage\"},\"thumbnailUrl\":\"https:\\\/\\\/www.villadracoena.com\\\/wp-content\\\/uploads\\\/2022\\\/08\\\/baie-des-anges-1-scaled.jpg\",\"datePublished\":\"2020-06-15T11:00:40+00:00\",\"dateModified\":\"2024-10-22T11:08:38+00:00\",\"description\":\"Actualit\u00e9 et blog \u00e0 Nice c\u00f4te d'Azur, H\u00e9bergement hotel de luxe \u00e0 Nice. La villa dracoena location saisonni\u00e8re style belle \u00e9poque\",\"breadcrumb\":{\"@id\":\"https:\\\/\\\/www.villadracoena.com\\\/blog\\\/#breadcrumb\"},\"inLanguage\":\"en-US\",\"potentialAction\":[{\"@type\":\"ReadAction\",\"target\":[\"https:\\\/\\\/www.villadracoena.com\\\/blog\\\/\"]}]},{\"@type\":\"ImageObject\",\"inLanguage\":\"en-US\",\"@id\":\"https:\\\/\\\/www.villadracoena.com\\\/blog\\\/#primaryimage\",\"url\":\"https:\\\/\\\/www.villadracoena.com\\\/wp-content\\\/uploads\\\/2022\\\/08\\\/baie-des-anges-1-scaled.jpg\",\"contentUrl\":\"https:\\\/\\\/www.villadracoena.com\\\/wp-content\\\/uploads\\\/2022\\\/08\\\/baie-des-anges-1-scaled.jpg\",\"width\":2560,\"height\":1440,\"caption\":\"DCIM100MEDIADJI_0029.JPG\"},{\"@type\":\"BreadcrumbList\",\"@id\":\"https:\\\/\\\/www.villadracoena.com\\\/blog\\\/#breadcrumb\",\"itemListElement\":[{\"@type\":\"ListItem\",\"position\":1,\"name\":\"Accueil\",\"item\":\"https:\\\/\\\/www.villadracoena.com\\\/\"},{\"@type\":\"ListItem\",\"position\":2,\"name\":\"Blog\"}]},{\"@type\":\"WebSite\",\"@id\":\"https:\\\/\\\/www.villadracoena.com\\\/#website\",\"url\":\"https:\\\/\\\/www.villadracoena.com\\\/\",\"name\":\"Villa Dracoena | H\u00e9bergement de luxe \u00e0 Nice\",\"description\":\"Hotel \u00e0 Nice\",\"potentialAction\":[{\"@type\":\"SearchAction\",\"target\":{\"@type\":\"EntryPoint\",\"urlTemplate\":\"https:\\\/\\\/www.villadracoena.com\\\/?s={search_term_string}\"},\"query-input\":{\"@type\":\"PropertyValueSpecification\",\"valueRequired\":true,\"valueName\":\"search_term_string\"}}],\"inLanguage\":\"en-US\"}]}<\/script>\n<!-- \/ Yoast SEO plugin. -->","yoast_head_json":{"title":"Blog | Villa Dracoena | Luxury accommodation in Nice","description":"News and blog in Nice C\u00f4te d'Azur, Accommodation luxury hotel in Nice. La villa dracoena belle \u00e9poque-style vacation rental","robots":{"index":"index","follow":"follow","max-snippet":"max-snippet:-1","max-image-preview":"max-image-preview:large","max-video-preview":"max-video-preview:-1"},"canonical":"https:\/\/www.villadracoena.com\/en\/blog\/","og_locale":"en_US","og_type":"article","og_title":"Blog | Villa Dracoena | H\u00e9bergement de luxe \u00e0 Nice","og_description":"Actualit\u00e9 et blog \u00e0 Nice c\u00f4te d'Azur, H\u00e9bergement hotel de luxe \u00e0 Nice. La villa dracoena location saisonni\u00e8re style belle \u00e9poque","og_url":"https:\/\/www.villadracoena.com\/en\/blog\/","og_site_name":"Villa Dracoena | H\u00e9bergement de luxe \u00e0 Nice","article_modified_time":"2024-10-22T11:08:38+00:00","og_image":[{"width":2560,"height":1440,"url":"https:\/\/www.villadracoena.com\/wp-content\/uploads\/2022\/08\/baie-des-anges-1-scaled.jpg","type":"image\/jpeg"}],"twitter_card":"summary_large_image","twitter_misc":{"Est. reading time":"30 minutes"},"schema":{"@context":"https:\/\/schema.org","@graph":[{"@type":"WebPage","@id":"https:\/\/www.villadracoena.com\/blog\/","url":"https:\/\/www.villadracoena.com\/blog\/","name":"Blog | Villa Dracoena | Luxury accommodation in Nice","isPartOf":{"@id":"https:\/\/www.villadracoena.com\/#website"},"primaryImageOfPage":{"@id":"https:\/\/www.villadracoena.com\/blog\/#primaryimage"},"image":{"@id":"https:\/\/www.villadracoena.com\/blog\/#primaryimage"},"thumbnailUrl":"https:\/\/www.villadracoena.com\/wp-content\/uploads\/2022\/08\/baie-des-anges-1-scaled.jpg","datePublished":"2020-06-15T11:00:40+00:00","dateModified":"2024-10-22T11:08:38+00:00","description":"News and blog in Nice C\u00f4te d'Azur, Accommodation luxury hotel in Nice. La villa dracoena belle \u00e9poque-style vacation rental","breadcrumb":{"@id":"https:\/\/www.villadracoena.com\/blog\/#breadcrumb"},"inLanguage":"en-US","potentialAction":[{"@type":"ReadAction","target":["https:\/\/www.villadracoena.com\/blog\/"]}]},{"@type":"ImageObject","inLanguage":"en-US","@id":"https:\/\/www.villadracoena.com\/blog\/#primaryimage","url":"https:\/\/www.villadracoena.com\/wp-content\/uploads\/2022\/08\/baie-des-anges-1-scaled.jpg","contentUrl":"https:\/\/www.villadracoena.com\/wp-content\/uploads\/2022\/08\/baie-des-anges-1-scaled.jpg","width":2560,"height":1440,"caption":"DCIM100MEDIADJI_0029.JPG"},{"@type":"BreadcrumbList","@id":"https:\/\/www.villadracoena.com\/blog\/#breadcrumb","itemListElement":[{"@type":"ListItem","position":1,"name":"Accueil","item":"https:\/\/www.villadracoena.com\/"},{"@type":"ListItem","position":2,"name":"Blog"}]},{"@type":"WebSite","@id":"https:\/\/www.villadracoena.com\/#website","url":"https:\/\/www.villadracoena.com\/","name":"Villa Dracoena | Luxury accommodation in Nice","description":"Hotel in Nice","potentialAction":[{"@type":"SearchAction","target":{"@type":"EntryPoint","urlTemplate":"https:\/\/www.villadracoena.com\/?s={search_term_string}"},"query-input":{"@type":"PropertyValueSpecification","valueRequired":true,"valueName":"search_term_string"}}],"inLanguage":"en-US"}]}},"_links":{"self":[{"href":"https:\/\/www.villadracoena.com\/en\/wp-json\/wp\/v2\/pages\/510","targetHints":{"allow":["GET"]}}],"collection":[{"href":"https:\/\/www.villadracoena.com\/en\/wp-json\/wp\/v2\/pages"}],"about":[{"href":"https:\/\/www.villadracoena.com\/en\/wp-json\/wp\/v2\/types\/page"}],"author":[{"embeddable":true,"href":"https:\/\/www.villadracoena.com\/en\/wp-json\/wp\/v2\/users\/1"}],"replies":[{"embeddable":true,"href":"https:\/\/www.villadracoena.com\/en\/wp-json\/wp\/v2\/comments?post=510"}],"version-history":[{"count":1,"href":"https:\/\/www.villadracoena.com\/en\/wp-json\/wp\/v2\/pages\/510\/revisions"}],"predecessor-version":[{"id":2297,"href":"https:\/\/www.villadracoena.com\/en\/wp-json\/wp\/v2\/pages\/510\/revisions\/2297"}],"wp:featuredmedia":[{"embeddable":true,"href":"https:\/\/www.villadracoena.com\/en\/wp-json\/wp\/v2\/media\/2032"}],"wp:attachment":[{"href":"https:\/\/www.villadracoena.com\/en\/wp-json\/wp\/v2\/media?parent=510"}],"curies":[{"name":"wp","href":"https:\/\/api.w.org\/{rel}","templated":true}]}}